{"id":358,"date":"2017-02-10T16:15:08","date_gmt":"2017-02-10T15:15:08","guid":{"rendered":"http:\/\/aufildapprendre.com\/?page_id=358"},"modified":"2023-05-24T17:09:33","modified_gmt":"2023-05-24T15:09:33","slug":"fonctionnement-du-cerveau","status":"publish","type":"page","link":"https:\/\/aufildapprendre.com\/index.php\/fonctionnement-du-cerveau\/","title":{"rendered":"Fonctionnement du cerveau"},"content":{"rendered":"<h1 style=\"text-align: center;\">Conna\u00eetre le fonctionnement du cerveau pour mieux apprendre : aujourd&rsquo;hui c&rsquo;est possible !<\/h1>\n<p>\u00a0<\/p>\n<p>Si pendant longtemps on a ignor\u00e9 le fonctionnement de notre cerveau, aujourd&rsquo;hui les neurosciences se mettent au service de la p\u00e9dagogie et valident certaines approches qui rendent le processus d&rsquo;apprentissage plus efficace en respectant l&rsquo;\u00e9cologie naturelle du cerveau.<\/p>\n<p>R\u00e9v\u00e9lez tout le potentiel de votre enfant en lui donnant acc\u00e8s \u00e0 ces connaissances. Il acquerra une plus grande efficacit\u00e9 dans son travail ce qui aura un impact sur ses r\u00e9sultats et sur sa motivation.<\/p>\n<p>Faites-lui d\u00e9couvrir des m\u00e9thodologies qui respectent les m\u00e9canismes naturels du cerveau gr\u00e2ce \u00e0 ce stage qui allie connaissances th\u00e9oriques et mise en pratique sur chaque s\u00e9ance. En petit groupe, il enrichira ses strat\u00e9gies personnelles car l&rsquo;aptitude \u00e0 apprendre des \u00e9l\u00e8ves se d\u00e9veloppe \u00e9galement quand ils ont l&rsquo;occasion d&rsquo;\u00e9changer.<\/p>\n<p><strong>1\u00e8re s\u00e9ance :<\/strong> le cerveau mode d&#8217;emploi<\/p>\n<p><strong>2\u00e8me s\u00e9ance :<\/strong> la m\u00e9moire : comment \u00e7a fonctionne ?<\/p>\n<p><strong>3\u00e8me s\u00e9ance :<\/strong>\u00a0 comment apprendre sa le\u00e7on ?<\/p>\n\n\n<p><\/p>\n","protected":false},"excerpt":{"rendered":"<p>Conna\u00eetre le fonctionnement du cerveau pour mieux apprendre : aujourd&rsquo;hui c&rsquo;est possible ! \u00a0 Si pendant longtemps on a ignor\u00e9 le fonctionnement de notre cerveau, aujourd&rsquo;hui les neurosciences se mettent au service de la p\u00e9dagogie et valident certaines approches qui rendent le processus d&rsquo;apprentissage plus efficace en respectant l&rsquo;\u00e9cologie naturelle du cerveau. R\u00e9v\u00e9lez tout le&hellip;<a href=\"https:\/\/aufildapprendre.com\/index.php\/fonctionnement-du-cerveau\/\" class=\"more-link\">Continue reading <span class=\"screen-reader-text\">Fonctionnement du cerveau<\/span><\/a><\/p>\n","protected":false},"author":1,"featured_media":0,"parent":0,"menu_order":0,"comment_status":"closed","ping_status":"closed","template":"","meta":{"footnotes":""},"class_list":["post-358","page","type-page","status-publish","hentry"],"_links":{"self":[{"href":"https:\/\/aufildapprendre.com\/index.php\/wp-json\/wp\/v2\/pages\/358","targetHints":{"allow":["GET"]}}],"collection":[{"href":"https:\/\/aufildapprendre.com\/index.php\/wp-json\/wp\/v2\/pages"}],"about":[{"href":"https:\/\/aufildapprendre.com\/index.php\/wp-json\/wp\/v2\/types\/page"}],"author":[{"embeddable":true,"href":"https:\/\/aufildapprendre.com\/index.php\/wp-json\/wp\/v2\/users\/1"}],"replies":[{"embeddable":true,"href":"https:\/\/aufildapprendre.com\/index.php\/wp-json\/wp\/v2\/comments?post=358"}],"version-history":[{"count":12,"href":"https:\/\/aufildapprendre.com\/index.php\/wp-json\/wp\/v2\/pages\/358\/revisions"}],"predecessor-version":[{"id":614,"href":"https:\/\/aufildapprendre.com\/index.php\/wp-json\/wp\/v2\/pages\/358\/revisions\/614"}],"wp:attachment":[{"href":"https:\/\/aufildapprendre.com\/index.php\/wp-json\/wp\/v2\/media?parent=358"}],"curies":[{"name":"wp","href":"https:\/\/api.w.org\/{rel}","templated":true}]}}