{"id":474,"date":"2019-12-06T09:33:56","date_gmt":"2019-12-06T08:33:56","guid":{"rendered":"https:\/\/aufildapprendre.com\/?page_id=474"},"modified":"2019-12-09T11:20:04","modified_gmt":"2019-12-09T10:20:04","slug":"cours-de-francais-pour-les-collegiens","status":"publish","type":"page","link":"https:\/\/aufildapprendre.com\/index.php\/cours-de-francais-pour-les-collegiens\/","title":{"rendered":"Cours de fran\u00e7ais pour les coll\u00e9giens"},"content":{"rendered":"\n<div class=\"wp-block-themeisle-blocks-advanced-columns has-2-columns has-desktop-twoOne-layout has-tablet-equal-layout has-mobile-collapsedRows-layout has-default-gap has-vertical-unset\" id=\"wp-block-themeisle-blocks-advanced-columns-73104bdf\" style=\"border-width:0px;border-style:solid;border-color:#000000;border-radius:0px;justify-content:unset\"><div class=\"wp-themeisle-block-overlay\" style=\"opacity:0.5;mix-blend-mode:normal\"><\/div><div class=\"innerblocks-wrap\">\n<div class=\"wp-block-themeisle-blocks-advanced-column\" id=\"wp-block-themeisle-blocks-advanced-column-e42dc61b\" style=\"border-width:0px;border-style:solid;border-color:#000000;border-radius:0px\">\n<p><strong>6<sup>\u00e8me<\/sup>, 5<sup>\u00e8me<\/sup>, 4<sup>\u00e8me<\/sup>,         3<sup>\u00e8me<\/sup>         (Pr\u00e9paration au Brevet des coll\u00e8ges)<\/strong><\/p>\n\n\n\n<p>Le coll\u00e8ge correspond \u00e0 une \u00e9tape cl\u00e9 pour  permettre         d\u2019\u00e9veiller le go\u00fbt de la lecture et permettre l\u2019acquisition du         vocabulaire  n\u00e9cessaire \u00e0 la bonne compr\u00e9hension des textes.<\/p>\n\n\n\n<p>Si votre enfant rencontre des difficult\u00e9s en fran\u00e7ais, un         soutien\u00a0 r\u00e9gulier \u00e0   raison d\u2019une heure  par semaine permet de s\u2019assurer de la bonne acquisition des      fondamentaux  demand\u00e9s lors du passage du brevet. Ainsi, il aura le temps  d\u2019acqu\u00e9rir les         automatismes n\u00e9cessaires pour r\u00e9diger correctement avant son         entr\u00e9e au lyc\u00e9e o\u00f9 l\u2019on consid\u00e8re que ces apprentissages sont acquis.<\/p>\n\n\n\n<p>R\u00e9guli\u00e8rement des \u00e9crits &nbsp;dans le but de voir quels  sont encore les  points encore \u00e0 consolider sont propos\u00e9s ainsi que des travaux  de r\u00e9daction  dans le but de susciter le go\u00fbt de l\u2019\u00e9criture.<\/p>\n\n\n\n<p>Je suis particuli\u00e8rement vigilante \u00e0 la bonne         compr\u00e9hension  des textes, \u00e9tape&nbsp; indispensable  avant         l\u2019entr\u00e9e au lyc\u00e9e et je propose le plus t\u00f4t possible des outils         pour d\u00e9velopper  ses id\u00e9es qui sont des atouts majeurs lorsqu\u2019on les&nbsp; maitrise d\u00e9j\u00e0 avant son  entr\u00e9e en seconde.<\/p>\n\n\n\n<p><\/p>\n\n\n\n<p><\/p>\n\n\n\n<p class=\"has-text-align-center\"><strong> 32 Rue Gay Lussac,  38100 GRENOBLE Tel. : 04 76 46 22 30 <\/strong><\/p>\n<\/div>\n\n\n\n<div class=\"wp-block-themeisle-blocks-advanced-column\" id=\"wp-block-themeisle-blocks-advanced-column-3c952402\" style=\"border-width:0px;border-style:solid;border-color:#000000;border-radius:0px\">\n<ul class=\"wp-block-list\"><li><strong>Cours d&rsquo;orthographe \/ grammaire<\/strong><\/li><\/ul>\n\n\n\n<ul class=\"wp-block-list\"><li><strong>Cours fran\u00e7ais compr\u00e9hension de texte<\/strong><\/li><\/ul>\n\n\n\n<ul class=\"wp-block-list\"><li><strong>cours r\u00e9ponse aux questions \/ apprendre \u00e0 d\u00e9velopper<\/strong><\/li><\/ul>\n\n\n\n<ul class=\"wp-block-list\"><li>c<strong>ours paragraphe argument\u00e9<\/strong><\/li><\/ul>\n\n\n\n<ul class=\"wp-block-list\"><li><strong>Pr\u00e9paration au Brevet<\/strong><\/li><\/ul>\n\n\n\n<ul class=\"wp-block-list\"><li><strong>R\u00e9daction<\/strong><\/li><\/ul>\n<\/div>\n<\/div><\/div>\n","protected":false},"excerpt":{"rendered":"","protected":false},"author":1,"featured_media":0,"parent":0,"menu_order":0,"comment_status":"closed","ping_status":"closed","template":"page_fullwidth.php","meta":{"footnotes":""},"class_list":["post-474","page","type-page","status-publish","hentry"],"_links":{"self":[{"href":"https:\/\/aufildapprendre.com\/index.php\/wp-json\/wp\/v2\/pages\/474","targetHints":{"allow":["GET"]}}],"collection":[{"href":"https:\/\/aufildapprendre.com\/index.php\/wp-json\/wp\/v2\/pages"}],"about":[{"href":"https:\/\/aufildapprendre.com\/index.php\/wp-json\/wp\/v2\/types\/page"}],"author":[{"embeddable":true,"href":"https:\/\/aufildapprendre.com\/index.php\/wp-json\/wp\/v2\/users\/1"}],"replies":[{"embeddable":true,"href":"https:\/\/aufildapprendre.com\/index.php\/wp-json\/wp\/v2\/comments?post=474"}],"version-history":[{"count":10,"href":"https:\/\/aufildapprendre.com\/index.php\/wp-json\/wp\/v2\/pages\/474\/revisions"}],"predecessor-version":[{"id":591,"href":"https:\/\/aufildapprendre.com\/index.php\/wp-json\/wp\/v2\/pages\/474\/revisions\/591"}],"wp:attachment":[{"href":"https:\/\/aufildapprendre.com\/index.php\/wp-json\/wp\/v2\/media?parent=474"}],"curies":[{"name":"wp","href":"https:\/\/api.w.org\/{rel}","templated":true}]}}