{"id":483,"date":"2019-12-06T11:07:23","date_gmt":"2019-12-06T10:07:23","guid":{"rendered":"https:\/\/aufildapprendre.com\/?page_id=483"},"modified":"2020-09-03T15:43:47","modified_gmt":"2020-09-03T13:43:47","slug":"cours-de-francais-lycee-grenoble","status":"publish","type":"page","link":"https:\/\/aufildapprendre.com\/index.php\/cours-de-francais-lycee-grenoble\/","title":{"rendered":"Cours de fran\u00e7ais Lyc\u00e9e Grenoble"},"content":{"rendered":"\n<div class=\"wp-block-themeisle-blocks-advanced-columns has-2-columns has-desktop-twoOne-layout has-tablet-equal-layout has-mobile-collapsedRows-layout has-default-gap has-vertical-unset\" id=\"wp-block-themeisle-blocks-advanced-columns-5c86f818\"><div class=\"wp-block-themeisle-blocks-advanced-columns-overlay\"><\/div><div class=\"innerblocks-wrap\">\n<div class=\"wp-block-themeisle-blocks-advanced-column\" id=\"wp-block-themeisle-blocks-advanced-column-64690185\">\n<p><strong>Cours de fran\u00e7ais lyc\u00e9e Grenoble (2<sup>nde<\/sup>, 1<sup>\u00e8re<\/sup>, Terminale)<\/strong><\/p>\n\n\n\n<p><strong>2nde<\/strong><\/p>\n\n\n\n<p>La seconde est parfois une ann\u00e9e difficile,  outre le changement de niveau, en fran\u00e7ais l\u2019\u00e9l\u00e8ve est confront\u00e9 \u00e0 de  nouveaux exercices qu\u2019il n\u2019a jamais pratiqu\u00e9s au coll\u00e8ge.<\/p>\n\n\n\n<p>Aussi, si vous constatez des difficult\u00e9s, il  est important  de r\u00e9agir assez vite car il ne s\u2019agit bien souvent que d\u2019un         probl\u00e8me de  m\u00e9thodologie. En effet, face \u00e0 des exercices beaucoup plus longs   et complexes,  l\u2019\u00e9l\u00e8ve n\u2019a pas forc\u00e9ment les outils ad\u00e9quats et ne sait pas  comment s\u2019y         prendre. Il suffit parfois de quelques s\u00e9ances pour l\u2019aider \u00e0         s\u2019organiser.<\/p>\n\n\n\n<p>Cette \u00e9tape est indispensable non seulement  en fran\u00e7ais mais         \u00e9galement dans toutes les mati\u00e8res o\u00f9 il faudra r\u00e9diger. Ainsi,  gr\u00e2ce \u00e0 cette  aide, &nbsp;il pourra aussi  progresser dans         les autres mati\u00e8res (hist\/g\u00e9o \u2013 svt\u2026). C\u2019est souvent le retour         que me font  spontan\u00e9ment mes \u00e9l\u00e8ves.<\/p>\n\n\n\n<p><\/p>\n\n\n\n<p><strong>1<sup>\u00e8re<\/sup><\/strong><\/p>\n\n\n\n<p>Si la m\u00e9thodologie n\u2019a pas \u00e9t\u00e9 acquise en   seconde, il est         donc important d\u00e8s le d\u00e9but d\u2019ann\u00e9e d\u2019acqu\u00e9rir les bons         automatismes. Si vous  optez pour un suivi r\u00e9gulier, je vous aide \u00e0 comprendre les  attentes souhait\u00e9es  dans votre copie qui ne sont pas toujours tr\u00e8s claires pour l\u2019\u00e9l\u00e8ve. Je fais  des liens entre vos \u0153uvres de fran\u00e7ais et de philosophie pour  vous permettre de mieux cerner les enjeux de vos cours et je v\u00e9rifie que votre  copie r\u00e9ponde bien aux attentes du baccalaur\u00e9at vous assurant une bonne note \u00e0 cette \u00e9preuve.<\/p>\n\n\n\n<p>Si vous avez opt\u00e9 pour une sp\u00e9cialit\u00e9  Humanit\u00e9s, je serai         ravie de vous accompagner dans cette nouvelle discipline qui         allie litt\u00e9rature et philosophie. Les liens sont particuli\u00e8rement riches et je pourrai vous aider \u00e0 \u00e9tablir des passerelles entre les \u0153uvres pour vous permettre  d\u2019\u00eatre plus  pertinent.<\/p>\n\n\n\n<p><\/p>\n\n\n\n<p>Ma double comp\u00e9tence en &nbsp;litt\u00e9rature et philosophie me         permet d\u2019\u00e9tablir des passerelles entre ces deux mati\u00e8res ce qui peut \u00eatre tr\u00e8s utile pour aider         les \u00e9l\u00e8ves dans la nouvelle sp\u00e9cialit\u00e9 Humanit\u00e9s. <\/p>\n\n\n\n<p class=\"has-vivid-red-color has-text-color\">\u00c9tant donn\u00e9 l&rsquo;ann\u00e9e particuli\u00e8re que nous venons de traverser, il est important de revenir sur la m\u00e9thodologie du commentaire compos\u00e9, exercice commun \u00e0 toutes les fili\u00e8res en fran\u00e7ais d\u00e8s le d\u00e9but d&rsquo;ann\u00e9e pour d\u00e9marrer cette rentr\u00e9e sur de bonnes bases m\u00e9thodologiques.<\/p>\n\n\n\n<p class=\"has-vivid-red-color has-text-color\">C&rsquo;est pourquoi je propose un stage de 5h aux vacances de Toussaint qui permet de faire le tour de l&rsquo;exercice de commentaire compos\u00e9 rapidement mais efficacement pour int\u00e9grer les bonnes pratiques d\u00e8s cette rentr\u00e9e.<\/p>\n\n\n\n<p class=\"has-vivid-red-color has-text-color\">(5 heures : 114 euros)<\/p>\n\n\n\n<p class=\"has-text-align-center\"> <strong>32 Rue Gay Lussac,  38100 GRENOBLE Tel. : 04 76 46 22 30 <\/strong> <\/p>\n<\/div>\n\n\n\n<div class=\"wp-block-themeisle-blocks-advanced-column\" id=\"wp-block-themeisle-blocks-advanced-column-bcdf91b0\">\n<ul class=\"wp-block-list\"><li><strong>M\u00e9thodologie commentaire de texte<\/strong><\/li><\/ul>\n\n\n\n<ul class=\"wp-block-list\"><li><strong>Analyse lin\u00e9aire<\/strong><\/li><\/ul>\n\n\n\n<ul class=\"wp-block-list\"><li><strong>Dissertation<\/strong><\/li><\/ul>\n\n\n\n<ul class=\"wp-block-list\"><li><strong>Contraction de texte\/Essai<\/strong><\/li><\/ul>\n\n\n\n<ul class=\"wp-block-list\"><li><strong>Pr\u00e9paration Oral \/Ecrit Bac de Fran\u00e7ais<\/strong><\/li><\/ul>\n<\/div>\n<\/div><\/div>\n","protected":false},"excerpt":{"rendered":"","protected":false},"author":1,"featured_media":0,"parent":0,"menu_order":0,"comment_status":"closed","ping_status":"closed","template":"page_fullwidth.php","meta":{"footnotes":""},"class_list":["post-483","page","type-page","status-publish","hentry"],"_links":{"self":[{"href":"https:\/\/aufildapprendre.com\/index.php\/wp-json\/wp\/v2\/pages\/483","targetHints":{"allow":["GET"]}}],"collection":[{"href":"https:\/\/aufildapprendre.com\/index.php\/wp-json\/wp\/v2\/pages"}],"about":[{"href":"https:\/\/aufildapprendre.com\/index.php\/wp-json\/wp\/v2\/types\/page"}],"author":[{"embeddable":true,"href":"https:\/\/aufildapprendre.com\/index.php\/wp-json\/wp\/v2\/users\/1"}],"replies":[{"embeddable":true,"href":"https:\/\/aufildapprendre.com\/index.php\/wp-json\/wp\/v2\/comments?post=483"}],"version-history":[{"count":11,"href":"https:\/\/aufildapprendre.com\/index.php\/wp-json\/wp\/v2\/pages\/483\/revisions"}],"predecessor-version":[{"id":593,"href":"https:\/\/aufildapprendre.com\/index.php\/wp-json\/wp\/v2\/pages\/483\/revisions\/593"}],"wp:attachment":[{"href":"https:\/\/aufildapprendre.com\/index.php\/wp-json\/wp\/v2\/media?parent=483"}],"curies":[{"name":"wp","href":"https:\/\/api.w.org\/{rel}","templated":true}]}}