{"id":491,"date":"2019-12-06T11:36:47","date_gmt":"2019-12-06T10:36:47","guid":{"rendered":"https:\/\/aufildapprendre.com\/?page_id=491"},"modified":"2019-12-09T10:51:46","modified_gmt":"2019-12-09T09:51:46","slug":"cours-etudiants-adultes-et-correction-de-memoire","status":"publish","type":"page","link":"https:\/\/aufildapprendre.com\/index.php\/cours-etudiants-adultes-et-correction-de-memoire\/","title":{"rendered":"Cours \u00c9tudiants \/ Adultes et correction de m\u00e9moire"},"content":{"rendered":"\n<div class=\"wp-block-themeisle-blocks-advanced-columns has-2-columns has-desktop-twoOne-layout has-tablet-equal-layout has-mobile-collapsedRows-layout has-default-gap has-vertical-unset\" id=\"wp-block-themeisle-blocks-advanced-columns-6f602841\" style=\"border-width:0px;border-style:solid;border-color:#000000;border-radius:0px;justify-content:unset\"><div class=\"wp-themeisle-block-overlay\" style=\"opacity:0.5;mix-blend-mode:normal\"><\/div><div class=\"innerblocks-wrap\">\n<div class=\"wp-block-themeisle-blocks-advanced-column\" id=\"wp-block-themeisle-blocks-advanced-column-f03908c0\" style=\"border-width:0px;border-style:solid;border-color:#000000;border-radius:0px\">\n<p><strong>\u00c9tudiants et Adultes.<\/strong><\/p>\n\n\n\n<p><strong>BTS<\/strong>  : \u00e9l\u00e8ve de BTS, je peux vous aider \u00e0 mieux ma\u00eetriser la m\u00e9thodologie de l&rsquo;\u00e9preuve de synth\u00e8se et de l&rsquo;\u00e9criture         personnelle.<\/p>\n\n\n\n<p>J\u2019ai \u00e9t\u00e9 enseignante en BTS pendant deux ans  pour l&rsquo;\u00e9cole Pigier.  Aussi, je connais parfaitement bien les exigences de l\u2019\u00e9preuve de synth\u00e8se et de l\u2019\u00e9criture personnelle. Je peux vous aider \u00e0 mieux comprendre  les exigences de ces deux exercices ou \u00e0 am\u00e9liorer vos productions.<\/p>\n\n\n\n<p><strong>\u00c9cole Pr\u00e9pa<\/strong>  : je vous accompagne pour la dissertation et l&rsquo;\u00e9preuve de r\u00e9sum\u00e9 de  texte.<\/p>\n\n\n\n<p>J\u2019ai suivi \u00e0 plusieurs reprises des \u00e9l\u00e8ves de  Bac +   notamment pour l\u2019\u00e9preuve de r\u00e9sum\u00e9 qui est souvent demand\u00e9e dans  les concours. C\u2019est  un exercice difficile parfois qui demande un bon niveau de  compr\u00e9hension, une         capacit\u00e9 \u00e0 comprendre les enjeux du texte.<\/p>\n\n\n\n<p><strong>Universit\u00e9s<\/strong> : vous devez rendre un m\u00e9moire, je peux vous aider \u00e0 voir plus clair dans vos id\u00e9es avant la r\u00e9daction de votre travail ou vous proposer de corriger votre m\u00e9moire. <\/p>\n\n\n\n<p><\/p>\n\n\n\n<p><strong>Adultes<\/strong> : vous avez d\u00e9cid\u00e9 de passer un concours, d&rsquo;\u00e9voluer professionnellement, je peux vous aider pour tous vos travaux \u00e9crits.<br>Vous souhaitez am\u00e9liorer votre niveau en orthographe \/ grammaire car cela vous p\u00e9nalise au quotidien, je peux vous aider \u00e0 progresser en partenariat avec le Projet Voltaire.<\/p>\n\n\n\n<p>Mon cursus universitaire, j\u2019ai fait une th\u00e8se  de lettres  modernes\u00a0 au sein du  Centre de recherche  sur l\u2019Imaginaire \u00e0 Grenoble, me permet de bien cerner les  exigences d\u2019un  m\u00e9moire et ainsi d\u2019accompagner au mieux ceux qui rencontrent des  difficult\u00e9s au  cours de la r\u00e9daction. J\u2019ai accompagn\u00e9 de nombreux adultes en  reconversion  professionnelle \u00a0soit  pour am\u00e9liorer leur  orthographe \/ grammaire soit pour r\u00e9diger des \u00e9crits ou tout  simplement pour  corriger leur m\u00e9moire.<\/p>\n\n\n\n<p><\/p>\n\n\n\n<p class=\"has-text-align-center\"> <strong>32 Rue Gay Lussac,  38100 GRENOBLE Tel. : 04 76 46 22 30 <\/strong> <\/p>\n<\/div>\n\n\n\n<div class=\"wp-block-themeisle-blocks-advanced-column\" id=\"wp-block-themeisle-blocks-advanced-column-eb81b84a\" style=\"border-width:0px;border-style:solid;border-color:#000000;border-radius:0px\"><\/div>\n<\/div><\/div>\n","protected":false},"excerpt":{"rendered":"","protected":false},"author":1,"featured_media":0,"parent":0,"menu_order":0,"comment_status":"closed","ping_status":"closed","template":"page_fullwidth.php","meta":{"footnotes":""},"class_list":["post-491","page","type-page","status-publish","hentry"],"_links":{"self":[{"href":"https:\/\/aufildapprendre.com\/index.php\/wp-json\/wp\/v2\/pages\/491","targetHints":{"allow":["GET"]}}],"collection":[{"href":"https:\/\/aufildapprendre.com\/index.php\/wp-json\/wp\/v2\/pages"}],"about":[{"href":"https:\/\/aufildapprendre.com\/index.php\/wp-json\/wp\/v2\/types\/page"}],"author":[{"embeddable":true,"href":"https:\/\/aufildapprendre.com\/index.php\/wp-json\/wp\/v2\/users\/1"}],"replies":[{"embeddable":true,"href":"https:\/\/aufildapprendre.com\/index.php\/wp-json\/wp\/v2\/comments?post=491"}],"version-history":[{"count":4,"href":"https:\/\/aufildapprendre.com\/index.php\/wp-json\/wp\/v2\/pages\/491\/revisions"}],"predecessor-version":[{"id":594,"href":"https:\/\/aufildapprendre.com\/index.php\/wp-json\/wp\/v2\/pages\/491\/revisions\/594"}],"wp:attachment":[{"href":"https:\/\/aufildapprendre.com\/index.php\/wp-json\/wp\/v2\/media?parent=491"}],"curies":[{"name":"wp","href":"https:\/\/api.w.org\/{rel}","templated":true}]}}