{"id":525,"date":"2019-12-16T11:28:54","date_gmt":"2019-12-16T10:28:54","guid":{"rendered":"https:\/\/aufildapprendre.com\/?page_id=525"},"modified":"2019-12-16T14:02:22","modified_gmt":"2019-12-16T13:02:22","slug":"cours-de-philosophie-lycee-grenoble","status":"publish","type":"page","link":"https:\/\/aufildapprendre.com\/index.php\/cours-de-philosophie-lycee-grenoble\/","title":{"rendered":"Cours de philosophie Lyc\u00e9e Grenoble"},"content":{"rendered":"\n<div class=\"wp-block-themeisle-blocks-advanced-columns has-2-columns has-desktop-twoOne-layout has-tablet-equal-layout has-mobile-collapsedRows-layout has-default-gap has-vertical-unset\" id=\"wp-block-themeisle-blocks-advanced-columns-4215f42e\" style=\"border-width:0px;border-style:solid;border-color:#000000;border-radius:0px;justify-content:unset\"><div class=\"wp-themeisle-block-overlay\" style=\"opacity:0.5;mix-blend-mode:normal\"><\/div><div class=\"innerblocks-wrap\">\n<div class=\"wp-block-themeisle-blocks-advanced-column\" id=\"wp-block-themeisle-blocks-advanced-column-5b546af1\" style=\"border-width:0px;border-style:solid;border-color:#000000;border-radius:0px\">\n<p><strong>Cours de philosophie Lyc\u00e9e Grenoble<\/strong><\/p>\n\n\n\n<p>Je donne des cours de philosophie pour les \u00e9l\u00e8ves de Terminale au Lyc\u00e9e. Je les aide \u00e0 comprendre les nouveaux enjeux de la dissertation de philosophie. Comment aborder\u00a0 le sujet, comment clarifier mes id\u00e9es, \u00e9tayer mes arguments par des exemples pr\u00e9cis. La dissertation de philosophie n\u2019est pas tout \u00e0 fait le m\u00eame exercice que celui de la dissertation de fran\u00e7ais, il faut donc comprendre ses enjeux pour bien l\u2019aborder.<\/p>\n\n\n\n<p>Ma double comp\u00e9tence en \u00a0litt\u00e9rature et philosophie me permet d\u2019\u00e9tablir des passerelles entre ces deux mati\u00e8res ce qui peut \u00eatre \u00e9galement tr\u00e8s utile pour optimiser ses acquis du Bac de fran\u00e7ais dans sa copie en philosophie ou pour aider les \u00e9l\u00e8ves dans la nouvelle sp\u00e9cialit\u00e9 Humanit\u00e9s.  <\/p>\n\n\n\n<p><strong>32 Rue Gay Lussac, 38100 GRENOBLE Tel. : 04 76 46 22 30 <\/strong> <\/p>\n<\/div>\n\n\n\n<div class=\"wp-block-themeisle-blocks-advanced-column\" id=\"wp-block-themeisle-blocks-advanced-column-d8a60f67\" style=\"border-width:0px;border-style:solid;border-color:#000000;border-radius:0px\">\n<ul class=\"wp-block-list\"><li><strong>Cours dissertation<\/strong><\/li><\/ul>\n\n\n\n<p><\/p>\n\n\n\n<ul class=\"wp-block-list\"><li><strong>Commentaire de texte<\/strong><\/li><\/ul>\n<\/div>\n<\/div><\/div>\n","protected":false},"excerpt":{"rendered":"","protected":false},"author":1,"featured_media":0,"parent":0,"menu_order":0,"comment_status":"closed","ping_status":"closed","template":"","meta":{"footnotes":""},"class_list":["post-525","page","type-page","status-publish","hentry"],"_links":{"self":[{"href":"https:\/\/aufildapprendre.com\/index.php\/wp-json\/wp\/v2\/pages\/525","targetHints":{"allow":["GET"]}}],"collection":[{"href":"https:\/\/aufildapprendre.com\/index.php\/wp-json\/wp\/v2\/pages"}],"about":[{"href":"https:\/\/aufildapprendre.com\/index.php\/wp-json\/wp\/v2\/types\/page"}],"author":[{"embeddable":true,"href":"https:\/\/aufildapprendre.com\/index.php\/wp-json\/wp\/v2\/users\/1"}],"replies":[{"embeddable":true,"href":"https:\/\/aufildapprendre.com\/index.php\/wp-json\/wp\/v2\/comments?post=525"}],"version-history":[{"count":4,"href":"https:\/\/aufildapprendre.com\/index.php\/wp-json\/wp\/v2\/pages\/525\/revisions"}],"predecessor-version":[{"id":590,"href":"https:\/\/aufildapprendre.com\/index.php\/wp-json\/wp\/v2\/pages\/525\/revisions\/590"}],"wp:attachment":[{"href":"https:\/\/aufildapprendre.com\/index.php\/wp-json\/wp\/v2\/media?parent=525"}],"curies":[{"name":"wp","href":"https:\/\/api.w.org\/{rel}","templated":true}]}}