{"id":544,"date":"2019-12-20T10:52:25","date_gmt":"2019-12-20T09:52:25","guid":{"rendered":"https:\/\/aufildapprendre.com\/?page_id=544"},"modified":"2019-12-20T10:52:25","modified_gmt":"2019-12-20T09:52:25","slug":"faire-son-plan","status":"publish","type":"page","link":"https:\/\/aufildapprendre.com\/index.php\/faire-son-plan\/","title":{"rendered":"Faire son plan"},"content":{"rendered":"\n<div class=\"wp-block-themeisle-blocks-advanced-columns has-1-columns has-desktop-equal-layout has-tablet-equal-layout has-mobile-equal-layout has-default-gap has-vertical-unset\" id=\"wp-block-themeisle-blocks-advanced-columns-9d725d79\" style=\"border-width:0px;border-style:solid;border-color:#000000;border-radius:0px;justify-content:unset\"><div class=\"wp-themeisle-block-overlay\" style=\"opacity:0.5;mix-blend-mode:normal\"><\/div><div class=\"innerblocks-wrap\">\n<div class=\"wp-block-themeisle-blocks-advanced-column\" id=\"wp-block-themeisle-blocks-advanced-column-e1210a07\" style=\"border-width:0px;border-style:solid;border-color:#000000;border-radius:0px\">\n<p><strong>M\u00e9thodologie du commentaire compos\u00e9\u00a0 en\u00a0 4\u00a0 \u00e9tapes :<\/strong><\/p>\n\n\n\n<ol class=\"wp-block-list\"><li>Comment aborder le texte et \u00e9laborer des hypoth\u00e8ses de lecture<\/li><\/ol>\n\n\n\n<p><strong>Premi\u00e8re lecture du texte<\/strong><\/p>\n\n\n\n<p>Tout d\u2019abord, n\u2019oubliez\u00a0 jamais qu\u2019un \u00e9crivain n\u2019\u00e9crit pas pour \u00eatre un jour dans un manuel scolaire, ni dans le but que son texte soit un jour d\u00e9cortiqu\u00e9 par un \u00e9l\u00e8ve de lyc\u00e9e.<\/p>\n\n\n\n<p>L\u2019\u00e9crivain &nbsp;\u00e9crit car\nil a envie de faire passer un message ou pour faire passer des \u00e9motions. Aussi,\n&nbsp;dans un premier temps laissez vous\nporter par la lecture sans avoir le souci pour l\u2019instant d\u2019en faire une analyse\nlitt\u00e9raire. Par contre, faites des pauses r\u00e9guli\u00e8res au cours de votre lecture\npour noter vos impressions, \u00eatre s\u00fbr d\u2019avoir bien compris le passage, visualiser\nmentalement la sc\u00e8ne. &nbsp;Le simple fait de\nralentir votre lecture et de noter&nbsp; ce\nqui vous appara\u00eet est tr\u00e8s important. Cette simple pratique a permis \u00e0 de\nnombreux \u00e9l\u00e8ves d\u2019augmenter leur note de 2 ou 3 points en une simple s\u00e9ance.<\/p>\n\n\n\n<p><strong>Vous pouvez par exemple\u00a0:<\/strong><\/p>\n\n\n\n<ul class=\"wp-block-list\"><li>Noter avec attention les informations du\nparatexte qui regorgent bien souvent de mots clefs qui peuvent m\u00eame donner des\nid\u00e9es d\u2019axes <\/li><li>S\u2019interroger sur le titre de l\u2019\u0153uvre, sa date de\nparution qui peut donner des clefs d\u2019entr\u00e9e et d\u2019analyse si vous connaissez ce\nmouvement litt\u00e9raire.<\/li><li>Reformuler avec vos propres mots chaque petit\npassage pour vous permettre de bien comprendre le texte<\/li><li>Ecrire vos impressions et sentiments \u00e0 propos du\ntexte<\/li><li>Noter les images mentales qui vous sont apparues\n\u00e0 la lecture<\/li><li>D\u00e9finir les mots clefs du texte<\/li><li>Dessiner l\u2019histoire permet souvent de mettre en\n\u00e9vidence un \u00e9l\u00e9ment important que va mieux appara\u00eetre par le dessin<\/li><li>Demandez-vous pourquoi cet extrait pr\u00e9cis\u00e9ment\nvous est propos\u00e9. &nbsp;Qu\u2019a-t-il d\u2019important,\nde particulier&nbsp;?<\/li><\/ul>\n\n\n\n<p>Ainsi, ses premi\u00e8res notes vont&nbsp; te permettre de faire ressortir tes premi\u00e8res\npistes de lecture que tu pourras creuser, \u00e9toffer, affiner dans un deuxi\u00e8me\ntemps gr\u00e2ce au tableau.<\/p>\n\n\n\n<p>Un bon commentaire de texte, c\u2019est avant tout un texte bien\ncompris et il n\u2019y a pas une mani\u00e8re de faire car ce qui int\u00e9resse le correcteur\nc\u2019est quelle analyse vous en faites. <\/p>\n\n\n\n<ul class=\"wp-block-list\"><li><strong>\u00e9laborer un plan<\/strong><\/li><\/ul>\n\n\n\n<p>Pour certains, \u00e0 ce stade, &nbsp;il peut \u00eatre important d\u2019\u00e9crire un petit texte\nqui pr\u00e9sente l\u2019extrait \u00e0 une personne qui ne l\u2019aurait pas lu , les id\u00e9es vont\ns\u2019articuler naturellement dans l\u2019ordre et le plan apparaitra plus facilement.<\/p>\n\n\n\n<p>Aussi, le plan doit \u00eatre en 2 ou 3 parties et 2 ou 3 sous\nparties dans chaque partie<\/p>\n\n\n\n<p>A ce stade du travail, faites le point sur vos pistes de\nlecture, m\u00eame si le travail n\u2019est pas abouti, ne bloquez pas, de nouvelles\nid\u00e9es surgiront en creusant d\u2019ores et d\u00e9j\u00e0 celles que vous venez de trouver.\nPas de panique, si le travail n\u2019est pas encore tout \u00e0 fait clair.<\/p>\n<\/div>\n<\/div><\/div>\n","protected":false},"excerpt":{"rendered":"","protected":false},"author":1,"featured_media":0,"parent":0,"menu_order":0,"comment_status":"closed","ping_status":"closed","template":"","meta":{"footnotes":""},"class_list":["post-544","page","type-page","status-publish","hentry"],"_links":{"self":[{"href":"https:\/\/aufildapprendre.com\/index.php\/wp-json\/wp\/v2\/pages\/544","targetHints":{"allow":["GET"]}}],"collection":[{"href":"https:\/\/aufildapprendre.com\/index.php\/wp-json\/wp\/v2\/pages"}],"about":[{"href":"https:\/\/aufildapprendre.com\/index.php\/wp-json\/wp\/v2\/types\/page"}],"author":[{"embeddable":true,"href":"https:\/\/aufildapprendre.com\/index.php\/wp-json\/wp\/v2\/users\/1"}],"replies":[{"embeddable":true,"href":"https:\/\/aufildapprendre.com\/index.php\/wp-json\/wp\/v2\/comments?post=544"}],"version-history":[{"count":1,"href":"https:\/\/aufildapprendre.com\/index.php\/wp-json\/wp\/v2\/pages\/544\/revisions"}],"predecessor-version":[{"id":546,"href":"https:\/\/aufildapprendre.com\/index.php\/wp-json\/wp\/v2\/pages\/544\/revisions\/546"}],"wp:attachment":[{"href":"https:\/\/aufildapprendre.com\/index.php\/wp-json\/wp\/v2\/media?parent=544"}],"curies":[{"name":"wp","href":"https:\/\/api.w.org\/{rel}","templated":true}]}}