{"id":547,"date":"2019-12-20T10:57:54","date_gmt":"2019-12-20T09:57:54","guid":{"rendered":"https:\/\/aufildapprendre.com\/?page_id=547"},"modified":"2020-01-08T09:59:09","modified_gmt":"2020-01-08T08:59:09","slug":"organiser-ses-idees","status":"publish","type":"page","link":"https:\/\/aufildapprendre.com\/index.php\/organiser-ses-idees\/","title":{"rendered":"Organiser ses id\u00e9es"},"content":{"rendered":"\n<div class=\"wp-block-themeisle-blocks-advanced-columns has-1-columns has-desktop-equal-layout has-tablet-equal-layout has-mobile-equal-layout has-default-gap has-vertical-unset\" id=\"wp-block-themeisle-blocks-advanced-columns-f05e35df\" style=\"border-width:0px;border-style:solid;border-color:#000000;border-radius:0px;justify-content:unset\"><div class=\"wp-themeisle-block-overlay\" style=\"opacity:0.5;mix-blend-mode:normal\"><\/div><div class=\"innerblocks-wrap\">\n<div class=\"wp-block-themeisle-blocks-advanced-column\" id=\"wp-block-themeisle-blocks-advanced-column-b58505fc\" style=\"border-width:0px;border-style:solid;border-color:#000000;border-radius:0px\">\n<p class=\"has-text-align-center\"><strong>Faire un tableau pour organiser les id\u00e9es pour chaque partie<\/strong><\/p>\n\n\n\n<p class=\"has-text-align-center\">Titre\nde la partie<\/p>\n\n\n\n<figure class=\"wp-block-table\"><table class=\"\"><tbody><tr><td class=\"has-text-align-left\" data-align=\"left\">\n  Id\u00e9es\n  <\/td><td>\n  citations\n  <\/td><td>\n  Proc\u00e9d\u00e9s litt\u00e9raires\n  <\/td><td>\n  Analyses\n  <\/td><\/tr><tr><td class=\"has-text-align-left\" data-align=\"left\">1<sup>\u00e8re<\/sup> id\u00e9e   <br>&nbsp;   &nbsp;   &nbsp;  <br>2<sup>\u00e8me<\/sup> id\u00e9e   &nbsp;   &nbsp;   &nbsp;   &nbsp;   &nbsp;  <br>3<sup>\u00e8me<\/sup> id\u00e9e   &nbsp;   &nbsp;   &nbsp;   &nbsp;   &nbsp;   &nbsp;   &nbsp;   &nbsp;   &nbsp;   <\/td><td>\n  &nbsp;\n  <\/td><td>\n  &nbsp;\n  <\/td><td>\n  &nbsp;\n  <\/td><\/tr><\/tbody><\/table><\/figure>\n\n\n\n<p>Ce tableau \u00e0 l\u2019avantage de fonctionner dans les deux sens. Soit tu as d\u00e9j\u00e0 des id\u00e9es de sous parties et dans ce cas, il te suffit de relever les phrases qui te paraissent importantes en d\u00e9gageant un proc\u00e9d\u00e9 litt\u00e9raire que tu va s analyser. \u00a0Soit tu n\u2019as pas encore toutes tes id\u00e9es de sous parties et tu vas te concentrer sur des phrases qui t\u2019ont paru importantes et petit \u00e0 petit, tu vas voir que certaines citations vont toutes dans le m\u00eame sens et ainsi tu pourras en faire d\u00e9couler une id\u00e9e de sous partie.<\/p>\n\n\n\n<p>Surtout, note tes id\u00e9es dans le tableau au fur et \u00e0 mesure qu\u2019elles\nt\u2019apparaissent car il ne faut pas couper le fil de ta r\u00e9flexion.<\/p>\n\n\n\n<p>Ensuite relis une derni\u00e8re fois le texte et vois si tu ne\npeux pas ajouter \u00e0 des \u00e9l\u00e9ments que tu avais d\u00e9j\u00e0 rep\u00e9r\u00e9 d\u2019autres citations qui\nviendraient les compl\u00e9ter.<\/p>\n\n\n\n<p>Pour permettre \u00e9galement d\u2019avoir un fil conducteur et une\nprogression dans chaque sous-partie, j\u2019ai remarqu\u00e9 que cela aidait beaucoup mes\n\u00e9l\u00e8ves&nbsp; de d\u00e9composer chaque id\u00e9e en 2 ou\n3 mots clefs &nbsp;qui permettent\nd\u2019approfondir la r\u00e9flexion et de ne pas rester superficiel ou d\u2019\u00eatre trop dans\nl\u2019\u00e9num\u00e9ration.<\/p>\n<\/div>\n<\/div><\/div>\n","protected":false},"excerpt":{"rendered":"","protected":false},"author":1,"featured_media":0,"parent":0,"menu_order":0,"comment_status":"closed","ping_status":"closed","template":"","meta":{"footnotes":""},"class_list":["post-547","page","type-page","status-publish","hentry"],"_links":{"self":[{"href":"https:\/\/aufildapprendre.com\/index.php\/wp-json\/wp\/v2\/pages\/547","targetHints":{"allow":["GET"]}}],"collection":[{"href":"https:\/\/aufildapprendre.com\/index.php\/wp-json\/wp\/v2\/pages"}],"about":[{"href":"https:\/\/aufildapprendre.com\/index.php\/wp-json\/wp\/v2\/types\/page"}],"author":[{"embeddable":true,"href":"https:\/\/aufildapprendre.com\/index.php\/wp-json\/wp\/v2\/users\/1"}],"replies":[{"embeddable":true,"href":"https:\/\/aufildapprendre.com\/index.php\/wp-json\/wp\/v2\/comments?post=547"}],"version-history":[{"count":3,"href":"https:\/\/aufildapprendre.com\/index.php\/wp-json\/wp\/v2\/pages\/547\/revisions"}],"predecessor-version":[{"id":558,"href":"https:\/\/aufildapprendre.com\/index.php\/wp-json\/wp\/v2\/pages\/547\/revisions\/558"}],"wp:attachment":[{"href":"https:\/\/aufildapprendre.com\/index.php\/wp-json\/wp\/v2\/media?parent=547"}],"curies":[{"name":"wp","href":"https:\/\/api.w.org\/{rel}","templated":true}]}}