{"id":564,"date":"2020-01-13T15:02:21","date_gmt":"2020-01-13T14:02:21","guid":{"rendered":"https:\/\/aufildapprendre.com\/?page_id=564"},"modified":"2020-01-13T15:02:22","modified_gmt":"2020-01-13T14:02:22","slug":"stages-francais","status":"publish","type":"page","link":"https:\/\/aufildapprendre.com\/index.php\/stages-francais\/","title":{"rendered":"Stages fran\u00e7ais"},"content":{"rendered":"\n<div class=\"wp-block-themeisle-blocks-advanced-columns has-1-columns has-desktop-equal-layout has-tablet-equal-layout has-mobile-equal-layout has-default-gap has-vertical-unset\" id=\"wp-block-themeisle-blocks-advanced-columns-19783125\" style=\"border-width:0px;border-style:solid;border-color:#000000;border-radius:0px;justify-content:unset\"><div class=\"wp-themeisle-block-overlay\" style=\"opacity:0.5;mix-blend-mode:normal\"><\/div><div class=\"innerblocks-wrap\">\n<div class=\"wp-block-themeisle-blocks-advanced-column\" id=\"wp-block-themeisle-blocks-advanced-column-92f483cd\" style=\"border-width:0px;border-style:solid;border-color:#000000;border-radius:0px\">\n<p><strong>STAGES DE VACANCES EN FEVRIER<\/strong><\/p>\n\n\n\n<p><strong>Fran\u00e7ais<\/strong><\/p>\n\n\n\n<p><strong>2<sup>nde<\/sup><\/strong>\u00a0:\u00a0 surmontez vos difficult\u00e9s en fran\u00e7ais<\/p>\n\n\n\n<p>&nbsp;&nbsp;&nbsp;&nbsp;&nbsp;&nbsp;&nbsp;&nbsp;&nbsp;&nbsp;&nbsp;&nbsp;&nbsp;&nbsp;&nbsp; Am\u00e9liorez\nvotre argumentation, votre d\u00e9veloppement et gagnez des points en fran\u00e7ais mais\naussi en Histoire \u2013 g\u00e9ographie et SVT.<\/p>\n\n\n\n<p>Stage \u00e0 la carte en fonction des besoins.<\/p>\n\n\n\n<p><strong>Premi\u00e8re<\/strong>\u00a0: <\/p>\n\n\n\n<p><strong>\u00c9crit <\/strong>: \u00e0 l\u2019approche du Bac, venez approfondir votre m\u00e9thodologie du commentaire compos\u00e9, de la dissertation ou de la contraction de texte au cours d\u2019un stage (Bac g\u00e9n\u00e9ral et techno)<\/p>\n\n\n\n<p>Stage de 2 heures par jour sur une semaine<\/p>\n\n\n\n<p><strong>Oral\u00a0<\/strong>:\u00a0 commencez \u00e0 faire le point sur les textes d\u00e9j\u00e0 \u00e9tudi\u00e9s<\/p>\n<\/div>\n<\/div><\/div>\n","protected":false},"excerpt":{"rendered":"","protected":false},"author":1,"featured_media":0,"parent":0,"menu_order":0,"comment_status":"closed","ping_status":"closed","template":"","meta":{"footnotes":""},"class_list":["post-564","page","type-page","status-publish","hentry"],"_links":{"self":[{"href":"https:\/\/aufildapprendre.com\/index.php\/wp-json\/wp\/v2\/pages\/564","targetHints":{"allow":["GET"]}}],"collection":[{"href":"https:\/\/aufildapprendre.com\/index.php\/wp-json\/wp\/v2\/pages"}],"about":[{"href":"https:\/\/aufildapprendre.com\/index.php\/wp-json\/wp\/v2\/types\/page"}],"author":[{"embeddable":true,"href":"https:\/\/aufildapprendre.com\/index.php\/wp-json\/wp\/v2\/users\/1"}],"replies":[{"embeddable":true,"href":"https:\/\/aufildapprendre.com\/index.php\/wp-json\/wp\/v2\/comments?post=564"}],"version-history":[{"count":1,"href":"https:\/\/aufildapprendre.com\/index.php\/wp-json\/wp\/v2\/pages\/564\/revisions"}],"predecessor-version":[{"id":566,"href":"https:\/\/aufildapprendre.com\/index.php\/wp-json\/wp\/v2\/pages\/564\/revisions\/566"}],"wp:attachment":[{"href":"https:\/\/aufildapprendre.com\/index.php\/wp-json\/wp\/v2\/media?parent=564"}],"curies":[{"name":"wp","href":"https:\/\/api.w.org\/{rel}","templated":true}]}}