{"id":567,"date":"2020-01-13T15:06:54","date_gmt":"2020-01-13T14:06:54","guid":{"rendered":"https:\/\/aufildapprendre.com\/?page_id=567"},"modified":"2020-01-13T15:06:55","modified_gmt":"2020-01-13T14:06:55","slug":"stage-de-philosophie","status":"publish","type":"page","link":"https:\/\/aufildapprendre.com\/index.php\/stage-de-philosophie\/","title":{"rendered":"Stage de philosophie"},"content":{"rendered":"\n<div class=\"wp-block-themeisle-blocks-advanced-columns has-1-columns has-desktop-equal-layout has-tablet-equal-layout has-mobile-equal-layout has-default-gap has-vertical-unset\" id=\"wp-block-themeisle-blocks-advanced-columns-89d896db\" style=\"border-width:0px;border-style:solid;border-color:#000000;border-radius:0px;justify-content:unset\"><div class=\"wp-themeisle-block-overlay\" style=\"opacity:0.5;mix-blend-mode:normal\"><\/div><div class=\"innerblocks-wrap\">\n<div class=\"wp-block-themeisle-blocks-advanced-column\" id=\"wp-block-themeisle-blocks-advanced-column-8c53e292\" style=\"border-width:0px;border-style:solid;border-color:#000000;border-radius:0px\">\n<p><\/p>\n\n\n\n<p>STAGE DE VACANCES EN F\u00c9VRIER<\/p>\n\n\n\n<p><\/p>\n\n\n\n<p><strong>Philosophie<\/strong><\/p>\n\n\n\n<p>La dissertation de philosophie diff\u00e8re de celle de fran\u00e7ais.\nAu cours d\u2019un stage, venez d\u00e9couvrir les attentes de cet exercice qui s\u2019il est\nbien compris vous permettra de gagner des points. <\/p>\n\n\n\n<p>Stage de 2h par jour sur une semaine&nbsp;: M\u00e9thodologie et\napprofondissement des connaissances sur les th\u00e8mes d\u00e9j\u00e0 \u00e9tudi\u00e9s.<\/p>\n<\/div>\n<\/div><\/div>\n","protected":false},"excerpt":{"rendered":"","protected":false},"author":1,"featured_media":0,"parent":0,"menu_order":0,"comment_status":"closed","ping_status":"closed","template":"","meta":{"footnotes":""},"class_list":["post-567","page","type-page","status-publish","hentry"],"_links":{"self":[{"href":"https:\/\/aufildapprendre.com\/index.php\/wp-json\/wp\/v2\/pages\/567","targetHints":{"allow":["GET"]}}],"collection":[{"href":"https:\/\/aufildapprendre.com\/index.php\/wp-json\/wp\/v2\/pages"}],"about":[{"href":"https:\/\/aufildapprendre.com\/index.php\/wp-json\/wp\/v2\/types\/page"}],"author":[{"embeddable":true,"href":"https:\/\/aufildapprendre.com\/index.php\/wp-json\/wp\/v2\/users\/1"}],"replies":[{"embeddable":true,"href":"https:\/\/aufildapprendre.com\/index.php\/wp-json\/wp\/v2\/comments?post=567"}],"version-history":[{"count":1,"href":"https:\/\/aufildapprendre.com\/index.php\/wp-json\/wp\/v2\/pages\/567\/revisions"}],"predecessor-version":[{"id":569,"href":"https:\/\/aufildapprendre.com\/index.php\/wp-json\/wp\/v2\/pages\/567\/revisions\/569"}],"wp:attachment":[{"href":"https:\/\/aufildapprendre.com\/index.php\/wp-json\/wp\/v2\/media?parent=567"}],"curies":[{"name":"wp","href":"https:\/\/api.w.org\/{rel}","templated":true}]}}