{"id":90,"date":"2017-02-01T10:51:08","date_gmt":"2017-02-01T09:51:08","guid":{"rendered":"http:\/\/aufildapprendre.com\/?page_id=90"},"modified":"2020-01-13T14:54:25","modified_gmt":"2020-01-13T13:54:25","slug":"actualites","status":"publish","type":"page","link":"https:\/\/aufildapprendre.com\/index.php\/actualites\/","title":{"rendered":"Stages vacances f\u00e9vrier"},"content":{"rendered":"<h3><strong>Vacances de F\u00e9vrier<\/strong><\/h3>\n<p>Profitez des vacances de F\u00e9vrier pour faire le point.<\/p>\n<p><\/p>\n\n\n<ul class=\"wp-block-list\"><li>Am\u00e9liorez votre m\u00e9thodologie de travail<\/li><\/ul>\n\n\n\n<p>Ma\u00eetriser les exercices de commentaire et de dissertation<\/p>\n\n\n\n<p><\/p>\n\n\n\n<ul class=\"wp-block-list\"><li>Revoyez et approfondissez vos copies de fran\u00e7ais et de philosophie du point de vue de l&rsquo;aspect r\u00e9dactionnel<\/li><\/ul>\n\n\n\n<p><\/p>\n\n\n\n<ul class=\"wp-block-list\"><li>Commencez \u00e0 faire le point sur les textes d\u00e9j\u00e0 \u00e9tudi\u00e9s<\/li><\/ul>\n","protected":false},"excerpt":{"rendered":"<p>Vacances de F\u00e9vrier Profitez des vacances de F\u00e9vrier pour faire le point. Am\u00e9liorez votre m\u00e9thodologie de travail Ma\u00eetriser les exercices de commentaire et de dissertation Revoyez et approfondissez vos copies de fran\u00e7ais et de philosophie du point de vue de l&rsquo;aspect r\u00e9dactionnel Commencez \u00e0 faire le point sur les textes d\u00e9j\u00e0 \u00e9tudi\u00e9s<\/p>\n","protected":false},"author":1,"featured_media":0,"parent":0,"menu_order":0,"comment_status":"closed","ping_status":"closed","template":"","meta":{"footnotes":""},"class_list":["post-90","page","type-page","status-publish","hentry"],"_links":{"self":[{"href":"https:\/\/aufildapprendre.com\/index.php\/wp-json\/wp\/v2\/pages\/90","targetHints":{"allow":["GET"]}}],"collection":[{"href":"https:\/\/aufildapprendre.com\/index.php\/wp-json\/wp\/v2\/pages"}],"about":[{"href":"https:\/\/aufildapprendre.com\/index.php\/wp-json\/wp\/v2\/types\/page"}],"author":[{"embeddable":true,"href":"https:\/\/aufildapprendre.com\/index.php\/wp-json\/wp\/v2\/users\/1"}],"replies":[{"embeddable":true,"href":"https:\/\/aufildapprendre.com\/index.php\/wp-json\/wp\/v2\/comments?post=90"}],"version-history":[{"count":9,"href":"https:\/\/aufildapprendre.com\/index.php\/wp-json\/wp\/v2\/pages\/90\/revisions"}],"predecessor-version":[{"id":562,"href":"https:\/\/aufildapprendre.com\/index.php\/wp-json\/wp\/v2\/pages\/90\/revisions\/562"}],"wp:attachment":[{"href":"https:\/\/aufildapprendre.com\/index.php\/wp-json\/wp\/v2\/media?parent=90"}],"curies":[{"name":"wp","href":"https:\/\/api.w.org\/{rel}","templated":true}]}}